{"id":66,"date":"2024-03-06T17:54:05","date_gmt":"2024-03-06T14:54:05","guid":{"rendered":"https:\/\/nocturnal.com.tr\/nwp\/?page_id=66"},"modified":"2024-03-06T18:04:45","modified_gmt":"2024-03-06T15:04:45","slug":"hakkimizda","status":"publish","type":"page","link":"https:\/\/nocturnal.com.tr\/en\/hakkimizda\/","title":{"rendered":"About Us"},"content":{"rendered":"<div class=\"wp-block-image\">\n<figure class=\"alignleft size-full is-resized\"><img loading=\"lazy\" decoding=\"async\" width=\"1024\" height=\"768\" src=\"https:\/\/nocturnal.com.tr\/nwp\/wp-content\/uploads\/2024\/03\/Nocturnal-Travel-3.jpeg\" alt=\"\" class=\"wp-image-69\" style=\"width:348px;height:auto\" srcset=\"https:\/\/nocturnal.com.tr\/wp-content\/uploads\/2024\/03\/Nocturnal-Travel-3.jpeg 1024w, https:\/\/nocturnal.com.tr\/wp-content\/uploads\/2024\/03\/Nocturnal-Travel-3-300x225.jpeg 300w, https:\/\/nocturnal.com.tr\/wp-content\/uploads\/2024\/03\/Nocturnal-Travel-3-768x576.jpeg 768w, https:\/\/nocturnal.com.tr\/wp-content\/uploads\/2024\/03\/Nocturnal-Travel-3-16x12.jpeg 16w\" sizes=\"auto, (max-width: 1024px) 100vw, 1024px\" \/><\/figure>\n<\/div>\n\n\n<p>Mardin Travel Guide stands out as a tourism company founded and operated entirely by local tourism professionals. The company, whose foundations were laid with Nocturnal Travel, has completely taken its tourism culture and understanding from here. Unlike national companies, it organizes more detailed trips and has made it its duty to keep all the textures of our country alive rather than showing you around. With our ready-made tour packages, all works and places in the visited region are covered completely. Our packages, which are unlike any other tour program, have been prepared meticulously by us. Our only goal is to represent this place to our guests in the best way, to provide unique historical adventures and to leave a happy memory that you will never forget.<\/p>\n\n\n\n<h4 class=\"wp-block-heading\"><br>Mission and Vision<\/h4>\n\n\n\n<p>To adapt to continuous innovations without compromising our general principles with a modern service approach in every sector we serve. To continue our leadership and move it up with the quality and superior service approach we have achieved in our sector.<\/p>\n\n\n\n<p><\/p>\n\n\n\n<p>Best regards<br>Nocturnal.com.tr<\/p>","protected":false},"excerpt":{"rendered":"<p>Mardin Gezi Rehberi tamamen yerel turizmcilerin kurdu\u011fu ve i\u015fletti\u011fi bir turizm firmas\u0131 olarak \u00f6ne \u00e7\u0131kmaktad\u0131r. Temelleri Nocturnal Travel ile at\u0131lan firma turizm k\u00fclt\u00fcr\u00fcn\u00fc ve anlay\u0131\u015f\u0131n\u0131 tamamen buradan alm\u0131\u015ft\u0131r. Ulusal \u015firketlerin aksine daha detayl\u0131 geziler d\u00fczenlemekte ve memleketimizi gezdirmekten \u00e7ok t\u00fcm dokular\u0131n\u0131 ya\u015fatmay\u0131 bir g\u00f6rev edinmi\u015ftir. Haz\u0131r tur paketlerimiz ile gezilen b\u00f6lgede tamamen t\u00fcm eserler ve [&hellip;]<\/p>","protected":false},"author":1,"featured_media":0,"parent":0,"menu_order":0,"comment_status":"closed","ping_status":"closed","template":"","meta":{"_acf_changed":false,"footnotes":""},"class_list":["post-66","page","type-page","status-publish","hentry"],"acf":[],"_links":{"self":[{"href":"https:\/\/nocturnal.com.tr\/en\/wp-json\/wp\/v2\/pages\/66","targetHints":{"allow":["GET"]}}],"collection":[{"href":"https:\/\/nocturnal.com.tr\/en\/wp-json\/wp\/v2\/pages"}],"about":[{"href":"https:\/\/nocturnal.com.tr\/en\/wp-json\/wp\/v2\/types\/page"}],"author":[{"embeddable":true,"href":"https:\/\/nocturnal.com.tr\/en\/wp-json\/wp\/v2\/users\/1"}],"replies":[{"embeddable":true,"href":"https:\/\/nocturnal.com.tr\/en\/wp-json\/wp\/v2\/comments?post=66"}],"version-history":[{"count":4,"href":"https:\/\/nocturnal.com.tr\/en\/wp-json\/wp\/v2\/pages\/66\/revisions"}],"predecessor-version":[{"id":68,"href":"https:\/\/nocturnal.com.tr\/en\/wp-json\/wp\/v2\/pages\/66\/revisions\/68"}],"wp:attachment":[{"href":"https:\/\/nocturnal.com.tr\/en\/wp-json\/wp\/v2\/media?parent=66"}],"curies":[{"name":"wp","href":"https:\/\/api.w.org\/{rel}","templated":true}]}}